{"id":5126,"date":"2025-04-10T14:02:25","date_gmt":"2025-04-10T12:02:25","guid":{"rendered":"https:\/\/www.hoteluniverso.com\/?page_id=5126"},"modified":"2026-03-09T10:36:05","modified_gmt":"2026-03-09T09:36:05","slug":"my-wo","status":"publish","type":"page","link":"https:\/\/www.hoteluniverso.com\/en\/services\/my-wo\/","title":{"rendered":"myWO"},"content":{"rendered":"\t\t<div data-elementor-type=\"wp-page\" data-elementor-id=\"5126\" class=\"elementor elementor-5126 elementor-5125\" data-elementor-post-type=\"page\">\n\t\t\t\t<div class=\"elementor-element elementor-element-684bd66 e-flex e-con-boxed e-con e-parent\" data-id=\"684bd66\" data-element_type=\"container\" data-e-type=\"container\" data-settings=\"{&quot;background_background&quot;:&quot;classic&quot;,&quot;motion_fx_motion_fx_mouse&quot;:&quot;yes&quot;,&quot;shape_divider_bottom&quot;:&quot;curve&quot;}\">\n\t\t\t\t\t<div class=\"e-con-inner\">\n\t\t\t\t<div class=\"elementor-shape elementor-shape-bottom\" aria-hidden=\"true\" data-negative=\"false\">\n\t\t\t<svg xmlns=\"http:\/\/www.w3.org\/2000\/svg\" viewBox=\"0 0 1000 100\" preserveAspectRatio=\"none\">\n    <path class=\"elementor-shape-fill\" d=\"M1000,4.3V0H0v4.3C0.9,23.1,126.7,99.2,500,100S1000,22.7,1000,4.3z\"\/>\n<\/svg>\t\t<\/div>\n\t\t<div class=\"elementor-element elementor-element-4b93a8a e-con-full e-flex e-con e-child\" data-id=\"4b93a8a\" data-element_type=\"container\" data-e-type=\"container\" data-settings=\"{&quot;background_background&quot;:&quot;classic&quot;}\">\n\t\t\t\t<\/div>\n\t\t\t\t\t<\/div>\n\t\t\t\t<\/div>\n\t\t<div class=\"elementor-element elementor-element-c0b4494 e-flex e-con-boxed e-con e-parent\" data-id=\"c0b4494\" data-element_type=\"container\" data-e-type=\"container\">\n\t\t\t\t\t<div class=\"e-con-inner\">\n\t\t<div class=\"elementor-element elementor-element-ba182f3 e-con-full e-flex e-con e-child\" data-id=\"ba182f3\" data-element_type=\"container\" data-e-type=\"container\">\n\t\t\t\t<div class=\"elementor-element elementor-element-4f66026 animated-slow elementor-invisible elementor-widget elementor-widget-heading\" data-id=\"4f66026\" data-element_type=\"widget\" data-e-type=\"widget\" data-settings=\"{&quot;_animation&quot;:&quot;fadeIn&quot;}\" data-widget_type=\"heading.default\">\n\t\t\t\t<div class=\"elementor-widget-container\">\n\t\t\t\t\t<span class=\"elementor-heading-title elementor-size-default\">myWO Coworking - Rome Termini<\/span>\t\t\t\t<\/div>\n\t\t\t\t<\/div>\n\t\t\t\t<div class=\"elementor-element elementor-element-0c38edf elementor-invisible elementor-widget elementor-widget-heading\" data-id=\"0c38edf\" data-element_type=\"widget\" data-e-type=\"widget\" data-settings=\"{&quot;_animation&quot;:&quot;fadeIn&quot;,&quot;_animation_mobile&quot;:&quot;none&quot;}\" data-widget_type=\"heading.default\">\n\t\t\t\t<div class=\"elementor-widget-container\">\n\t\t\t\t\t<h1 class=\"elementor-heading-title elementor-size-default\">Best Western Plus Hotel Universo opens its doors to smart workers and professionals with myWO!<\/h1>\t\t\t\t<\/div>\n\t\t\t\t<\/div>\n\t\t\t\t<div class=\"elementor-element elementor-element-9cd27db elementor-widget elementor-widget-text-editor\" data-id=\"9cd27db\" data-element_type=\"widget\" data-e-type=\"widget\" data-widget_type=\"text-editor.default\">\n\t\t\t\t<div class=\"elementor-widget-container\">\n\t\t\t\t\t\t\t\t\t<p>myWO is the coworking space in the hotel that offers you the ideal place for flexible working and creativity, to devote yourself to your projects without worries.<\/p><p>Our hotel offers free, high-speed Wi-Fi, tables and chairs for comfortable working on your computer, and power sockets for charging your devices. You can also enjoy all the services of the bar, savouring delicious meals or snacks during your working day. <\/p><p>myWO is for everyone: access is free for hotel guests, while everyone else is required to purchase the myWO Package at a cost of <strong>\u20ac15<\/strong>, which includes, in addition to use of the workstation for up to 4 hours:<\/p><ul><li>water, croissant, coffee or cappuccino for the morning hours<\/li><li>water, a soft drink and dry snacks for the afternoon. <\/li><\/ul>\t\t\t\t\t\t\t\t<\/div>\n\t\t\t\t<\/div>\n\t\t\t\t<div class=\"elementor-element elementor-element-5d82830 elementor-widget elementor-widget-text-editor\" data-id=\"5d82830\" data-element_type=\"widget\" data-e-type=\"widget\" data-widget_type=\"text-editor.default\">\n\t\t\t\t<div class=\"elementor-widget-container\">\n\t\t\t\t\t\t\t\t\t<p>And if you are a<a href=\"https:\/\/www.bestwestern.it\/best-western-rewards\/default-eng.asp\"> Rewards<\/a> member, you are entitled to a 10% discount on the myWO Package and the entire myWO menu.<\/p>\t\t\t\t\t\t\t\t<\/div>\n\t\t\t\t<\/div>\n\t\t\t\t<div class=\"elementor-element elementor-element-8bc4381 elementor-align-left elementor-mobile-align-left elementor-widget elementor-widget-button\" data-id=\"8bc4381\" data-element_type=\"widget\" data-e-type=\"widget\" data-widget_type=\"button.default\">\n\t\t\t\t<div class=\"elementor-widget-container\">\n\t\t\t\t\t\t\t\t\t<div class=\"elementor-button-wrapper\">\n\t\t\t\t\t<a class=\"elementor-button elementor-button-link elementor-size-sm\" href=\"https:\/\/book.bestwestern.it\/BWR\/RegistrazioneBwr.aspx\">\n\t\t\t\t\t\t<span class=\"elementor-button-content-wrapper\">\n\t\t\t\t\t\t\t\t\t<span class=\"elementor-button-text\">Sign up now<\/span>\n\t\t\t\t\t<\/span>\n\t\t\t\t\t<\/a>\n\t\t\t\t<\/div>\n\t\t\t\t\t\t\t\t<\/div>\n\t\t\t\t<\/div>\n\t\t\t\t<div class=\"elementor-element elementor-element-1ddc8fe elementor-widget elementor-widget-text-editor\" data-id=\"1ddc8fe\" data-element_type=\"widget\" data-e-type=\"widget\" data-widget_type=\"text-editor.default\">\n\t\t\t\t<div class=\"elementor-widget-container\">\n\t\t\t\t\t\t\t\t\t<p>Prenotare il tuo posto \u00e8 facile, chiamaci al numero <a href=\"tel:+3906476811\">+39 06 476811<\/a> o scrivici a <a href=\"mailto:universo@lvrh.it\">universo@lvrh.it.<\/a><\/p><p>\u00c9 possibile riservare una sola postazione per volta per un massimo di 4 ore al giorno.<\/p><p>Se si \u00e8 in pi\u00f9 persone, \u00e8 possibile riservare la sala meeting a partire da \u20ac 80,00+iva 22% per mezza giornata fino a 4 persone (dalle 9.00 \u2013 alle 13.00 o dalle 13.30 alle 18.30).<\/p><p>Per maggiori informazioni sulle sale meeting e prenotazioni, scrivi a <a href=\"mailto:meetinghu@lvrh.it\">meetinghu@lvrh.it<\/a> \u00a0<\/p><p>Al tuo arrivo, passa in reception per registrarti e acquistare il pacchetto myWO!<\/p><p>Lo spazio si trova accanto alla hall.\u00a0Un ambiente riservato, pensato per offrirti un\u2019esperienza di lavoro comoda e funzionale.<\/p><p>Ti aspettiamo!<\/p>\t\t\t\t\t\t\t\t<\/div>\n\t\t\t\t<\/div>\n\t\t\t\t<\/div>\n\t\t<div class=\"elementor-element elementor-element-6c3f50f e-con-full e-flex e-con e-child\" data-id=\"6c3f50f\" data-element_type=\"container\" data-e-type=\"container\" data-settings=\"{&quot;animation&quot;:&quot;none&quot;}\">\n\t\t\t\t<div class=\"elementor-element elementor-element-894adfc elementor-pagination-position-inside elementor-skin-carousel elementor-arrows-yes elementor-pagination-type-bullets elementor-widget elementor-widget-media-carousel\" data-id=\"894adfc\" data-element_type=\"widget\" data-e-type=\"widget\" data-settings=\"{&quot;slides_per_view&quot;:&quot;1&quot;,&quot;slides_to_scroll&quot;:&quot;1&quot;,&quot;slides_per_view_tablet&quot;:&quot;1&quot;,&quot;slides_to_scroll_tablet&quot;:&quot;1&quot;,&quot;skin&quot;:&quot;carousel&quot;,&quot;effect&quot;:&quot;slide&quot;,&quot;show_arrows&quot;:&quot;yes&quot;,&quot;pagination&quot;:&quot;bullets&quot;,&quot;speed&quot;:500,&quot;autoplay&quot;:&quot;yes&quot;,&quot;autoplay_speed&quot;:5000,&quot;loop&quot;:&quot;yes&quot;,&quot;pause_on_hover&quot;:&quot;yes&quot;,&quot;pause_on_interaction&quot;:&quot;yes&quot;,&quot;space_between&quot;:{&quot;unit&quot;:&quot;px&quot;,&quot;size&quot;:10,&quot;sizes&quot;:[]},&quot;space_between_tablet&quot;:{&quot;unit&quot;:&quot;px&quot;,&quot;size&quot;:10,&quot;sizes&quot;:[]},&quot;space_between_mobile&quot;:{&quot;unit&quot;:&quot;px&quot;,&quot;size&quot;:10,&quot;sizes&quot;:[]}}\" data-widget_type=\"media-carousel.default\">\n\t\t\t\t<div class=\"elementor-widget-container\">\n\t\t\t\t\t\t\t\t\t<div class=\"elementor-swiper\">\n\t\t\t\t\t<div class=\"elementor-main-swiper swiper\" role=\"region\" aria-roledescription=\"carousel\" aria-label=\"Slides\">\n\t\t\t\t<div class=\"swiper-wrapper\">\n\t\t\t\t\t\t\t\t\t\t\t<div class=\"swiper-slide\" role=\"group\" aria-roledescription=\"slide\">\n\t\t\t\t\t\t\t<a href=\"https:\/\/www.hoteluniverso.com\/wp-content\/uploads\/sites\/60\/2026\/03\/1.webp\" data-elementor-open-lightbox=\"yes\" data-elementor-lightbox-slideshow=\"894adfc\" data-elementor-lightbox-title=\"myWO - Coworking at the Hotel Universo\" data-elementor-lightbox-description=\"Coworking space in Rome for working \" data-e-action-hash=\"#elementor-action%3Aaction%3Dlightbox%26settings%3DeyJpZCI6NjE5NSwidXJsIjoiaHR0cHM6XC9cL3d3dy5ob3RlbHVuaXZlcnNvLmNvbVwvd3AtY29udGVudFwvdXBsb2Fkc1wvc2l0ZXNcLzYwXC8yMDI2XC8wM1wvMS53ZWJwIiwic2xpZGVzaG93IjoiODk0YWRmYyJ9\">\t\t<div class=\"elementor-carousel-image\" role=\"img\" aria-label=\"The image shows an internet point inside the hotel and a young man working on a computer.\" style=\"background-image: url(&#039;https:\/\/www.hoteluniverso.com\/wp-content\/uploads\/sites\/60\/2026\/03\/1.webp&#039;)\">\n\n\t\t\t\n\t\t\t\t\t<\/div>\n\t\t<\/a>\t\t\t\t\t\t<\/div>\n\t\t\t\t\t\t\t\t\t\t\t<div class=\"swiper-slide\" role=\"group\" aria-roledescription=\"slide\">\n\t\t\t\t\t\t\t<a href=\"https:\/\/www.hoteluniverso.com\/wp-content\/uploads\/sites\/60\/2026\/03\/2.webp\" data-elementor-open-lightbox=\"yes\" data-elementor-lightbox-slideshow=\"894adfc\" data-elementor-lightbox-title=\"myWO - Coworking at the Hotel Universo\" data-elementor-lightbox-description=\"Coworking space in Rome for working \" data-e-action-hash=\"#elementor-action%3Aaction%3Dlightbox%26settings%3DeyJpZCI6NjE5NywidXJsIjoiaHR0cHM6XC9cL3d3dy5ob3RlbHVuaXZlcnNvLmNvbVwvd3AtY29udGVudFwvdXBsb2Fkc1wvc2l0ZXNcLzYwXC8yMDI2XC8wM1wvMi53ZWJwIiwic2xpZGVzaG93IjoiODk0YWRmYyJ9\">\t\t<div class=\"elementor-carousel-image\" role=\"img\" aria-label=\"The image shows an internet point inside the hotel and a young man working on a computer.\" style=\"background-image: url(&#039;https:\/\/www.hoteluniverso.com\/wp-content\/uploads\/sites\/60\/2026\/03\/2.webp&#039;)\">\n\n\t\t\t\n\t\t\t\t\t<\/div>\n\t\t<\/a>\t\t\t\t\t\t<\/div>\n\t\t\t\t\t\t\t\t\t<\/div>\n\t\t\t\t\t\t\t\t\t\t\t\t\t\t\t<div class=\"elementor-swiper-button elementor-swiper-button-prev\" role=\"button\" tabindex=\"0\" aria-label=\"Previous\">\n\t\t\t\t\t\t\t<svg aria-hidden=\"true\" class=\"e-font-icon-svg e-eicon-chevron-left\" viewBox=\"0 0 1000 1000\" xmlns=\"http:\/\/www.w3.org\/2000\/svg\"><path d=\"M646 125C629 125 613 133 604 142L308 442C296 454 292 471 292 487 292 504 296 521 308 533L604 854C617 867 629 875 646 875 663 875 679 871 692 858 704 846 713 829 713 812 713 796 708 779 692 767L438 487 692 225C700 217 708 204 708 187 708 171 704 154 692 142 675 129 663 125 646 125Z\"><\/path><\/svg>\t\t\t\t\t\t<\/div>\n\t\t\t\t\t\t<div class=\"elementor-swiper-button elementor-swiper-button-next\" role=\"button\" tabindex=\"0\" aria-label=\"Next\">\n\t\t\t\t\t\t\t<svg aria-hidden=\"true\" class=\"e-font-icon-svg e-eicon-chevron-right\" viewBox=\"0 0 1000 1000\" xmlns=\"http:\/\/www.w3.org\/2000\/svg\"><path d=\"M696 533C708 521 713 504 713 487 713 471 708 454 696 446L400 146C388 133 375 125 354 125 338 125 325 129 313 142 300 154 292 171 292 187 292 204 296 221 308 233L563 492 304 771C292 783 288 800 288 817 288 833 296 850 308 863 321 871 338 875 354 875 371 875 388 867 400 854L696 533Z\"><\/path><\/svg>\t\t\t\t\t\t<\/div>\n\t\t\t\t\t\t\t\t\t\t\t\t\t\t\t\t<div class=\"swiper-pagination\"><\/div>\n\t\t\t\t\t\t\t\t\t\t\t\t<\/div>\n\t\t\t\t<\/div>\n\t\t\t\t\t\t\t\t<\/div>\n\t\t\t\t<\/div>\n\t\t\t\t<\/div>\n\t\t\t\t\t<\/div>\n\t\t\t\t<\/div>\n\t\t<div class=\"elementor-element elementor-element-7178bf9 e-flex e-con-boxed e-con e-parent\" data-id=\"7178bf9\" data-element_type=\"container\" data-e-type=\"container\" data-settings=\"{&quot;background_background&quot;:&quot;classic&quot;,&quot;shape_divider_top&quot;:&quot;curve&quot;,&quot;shape_divider_bottom&quot;:&quot;curve&quot;}\">\n\t\t\t\t\t<div class=\"e-con-inner\">\n\t\t\t\t<div class=\"elementor-shape elementor-shape-top\" aria-hidden=\"true\" data-negative=\"false\">\n\t\t\t<svg xmlns=\"http:\/\/www.w3.org\/2000\/svg\" viewBox=\"0 0 1000 100\" preserveAspectRatio=\"none\">\n    <path class=\"elementor-shape-fill\" d=\"M1000,4.3V0H0v4.3C0.9,23.1,126.7,99.2,500,100S1000,22.7,1000,4.3z\"\/>\n<\/svg>\t\t<\/div>\n\t\t\t\t<div class=\"elementor-shape elementor-shape-bottom\" aria-hidden=\"true\" data-negative=\"false\">\n\t\t\t<svg xmlns=\"http:\/\/www.w3.org\/2000\/svg\" viewBox=\"0 0 1000 100\" preserveAspectRatio=\"none\">\n    <path class=\"elementor-shape-fill\" d=\"M1000,4.3V0H0v4.3C0.9,23.1,126.7,99.2,500,100S1000,22.7,1000,4.3z\"\/>\n<\/svg>\t\t<\/div>\n\t\t<div class=\"elementor-element elementor-element-cb3b86c e-con-full e-flex e-con e-child\" data-id=\"cb3b86c\" data-element_type=\"container\" data-e-type=\"container\">\n\t\t\t\t<div class=\"elementor-element elementor-element-fd61c4b animated-fast elementor-invisible elementor-widget elementor-widget-heading\" data-id=\"fd61c4b\" data-element_type=\"widget\" data-e-type=\"widget\" data-settings=\"{&quot;_animation&quot;:&quot;fadeIn&quot;,&quot;_animation_mobile&quot;:&quot;none&quot;}\" data-widget_type=\"heading.default\">\n\t\t\t\t<div class=\"elementor-widget-container\">\n\t\t\t\t\t<span class=\"elementor-heading-title elementor-size-default\">at your disposal at the hotel<\/span>\t\t\t\t<\/div>\n\t\t\t\t<\/div>\n\t\t\t\t<div class=\"elementor-element elementor-element-8022898 elementor-widget elementor-widget-text-editor\" data-id=\"8022898\" data-element_type=\"widget\" data-e-type=\"widget\" data-widget_type=\"text-editor.default\">\n\t\t\t\t<div class=\"elementor-widget-container\">\n\t\t\t\t\t\t\t\t\t<p>After a busy day of meetings in our conference centre, you can treat yourself to moments of pure relaxation: unwind in the complimentary <strong data-start=\"318\" data-end=\"358\"><a href=\"https:\/\/www.hoteluniverso.com\/en\/services\/\">spa with sauna and Turkish bath<\/a><\/strong> to rejuvenate your body and mind.<\/p><p>Or head up to the<strong data-start=\"405\" data-end=\"422\"> <a href=\"https:\/\/www.hoteluniverso.com\/en\/the-rooftop\/\">VE.RO Rooftop<\/a><\/strong> for an aperitif or dinner with panoramic views of the Eternal City, the perfect way to end the day in a unique atmosphere.<\/p>\t\t\t\t\t\t\t\t<\/div>\n\t\t\t\t<\/div>\n\t\t\t\t<\/div>\n\t\t\t\t\t<\/div>\n\t\t\t\t<\/div>\n\t\t\t\t<\/div>\n\t\t","protected":false},"excerpt":{"rendered":"<p>myWO Coworking &#8211; Rome Termini Best Western Plus Hotel Universo opens its doors to smart workers and professionals with myWO! myWO is the coworking space in the hotel that offers you the ideal place for flexible working and creativity, to devote yourself to your projects without worries. Our hotel offers free, high-speed Wi-Fi, tables and [&hellip;]<\/p>\n","protected":false},"author":4,"featured_media":5145,"parent":4368,"menu_order":0,"comment_status":"closed","ping_status":"closed","template":"","meta":{"footnotes":""},"class_list":["post-5126","page","type-page","status-publish","has-post-thumbnail","hentry"],"yoast_head":"<!-- This site is optimized with the Yoast SEO plugin v27.3 - https:\/\/yoast.com\/product\/yoast-seo-wordpress\/ -->\n<title>MyWO coworking space in Rome - 4-star Hotel Universo<\/title>\n<meta name=\"description\" content=\"The Best Western Plus Hotel Universo opens its doors to smart workers and professionals with myWO. Discover all the details!\" \/>\n<meta name=\"robots\" content=\"index, follow, max-snippet:-1, max-image-preview:large, max-video-preview:-1\" \/>\n<link rel=\"canonical\" href=\"https:\/\/www.hoteluniverso.com\/en\/services\/my-wo\/\" \/>\n<meta property=\"og:locale\" content=\"en_US\" \/>\n<meta property=\"og:type\" content=\"article\" \/>\n<meta property=\"og:title\" content=\"MyWO coworking space in Rome - 4-star Hotel Universo\" \/>\n<meta property=\"og:description\" content=\"The Best Western Plus Hotel Universo opens its doors to smart workers and professionals with myWO. Discover all the details!\" \/>\n<meta property=\"og:url\" content=\"https:\/\/www.hoteluniverso.com\/en\/services\/my-wo\/\" \/>\n<meta property=\"og:site_name\" content=\"98024 Universo\" \/>\n<meta property=\"article:modified_time\" content=\"2026-03-09T09:36:05+00:00\" \/>\n<meta property=\"og:image\" content=\"https:\/\/www.hoteluniverso.com\/wp-content\/uploads\/sites\/60\/2025\/04\/mywo-scaled.webp\" \/>\n\t<meta property=\"og:image:width\" content=\"2560\" \/>\n\t<meta property=\"og:image:height\" content=\"1981\" \/>\n\t<meta property=\"og:image:type\" content=\"image\/webp\" \/>\n<meta name=\"twitter:card\" content=\"summary_large_image\" \/>\n<meta name=\"twitter:label1\" content=\"Est. reading time\" \/>\n\t<meta name=\"twitter:data1\" content=\"1 minute\" \/>\n<script type=\"application\/ld+json\" class=\"yoast-schema-graph\">{\"@context\":\"https:\\\/\\\/schema.org\",\"@graph\":[{\"@type\":\"WebPage\",\"@id\":\"https:\\\/\\\/www.hoteluniverso.com\\\/en\\\/services\\\/my-wo\\\/\",\"url\":\"https:\\\/\\\/www.hoteluniverso.com\\\/en\\\/services\\\/my-wo\\\/\",\"name\":\"MyWO coworking space in Rome - 4-star Hotel Universo\",\"isPartOf\":{\"@id\":\"https:\\\/\\\/www.hoteluniverso.com\\\/en\\\/#website\"},\"primaryImageOfPage\":{\"@id\":\"https:\\\/\\\/www.hoteluniverso.com\\\/en\\\/services\\\/my-wo\\\/#primaryimage\"},\"image\":{\"@id\":\"https:\\\/\\\/www.hoteluniverso.com\\\/en\\\/services\\\/my-wo\\\/#primaryimage\"},\"thumbnailUrl\":\"https:\\\/\\\/www.hoteluniverso.com\\\/wp-content\\\/uploads\\\/sites\\\/60\\\/2025\\\/04\\\/mywo-scaled.webp\",\"datePublished\":\"2025-04-10T12:02:25+00:00\",\"dateModified\":\"2026-03-09T09:36:05+00:00\",\"description\":\"The Best Western Plus Hotel Universo opens its doors to smart workers and professionals with myWO. Discover all the details!\",\"breadcrumb\":{\"@id\":\"https:\\\/\\\/www.hoteluniverso.com\\\/en\\\/services\\\/my-wo\\\/#breadcrumb\"},\"inLanguage\":\"en-US\",\"potentialAction\":[{\"@type\":\"ReadAction\",\"target\":[\"https:\\\/\\\/www.hoteluniverso.com\\\/en\\\/services\\\/my-wo\\\/\"]}]},{\"@type\":\"ImageObject\",\"inLanguage\":\"en-US\",\"@id\":\"https:\\\/\\\/www.hoteluniverso.com\\\/en\\\/services\\\/my-wo\\\/#primaryimage\",\"url\":\"https:\\\/\\\/www.hoteluniverso.com\\\/wp-content\\\/uploads\\\/sites\\\/60\\\/2025\\\/04\\\/mywo-scaled.webp\",\"contentUrl\":\"https:\\\/\\\/www.hoteluniverso.com\\\/wp-content\\\/uploads\\\/sites\\\/60\\\/2025\\\/04\\\/mywo-scaled.webp\",\"width\":2560,\"height\":1981},{\"@type\":\"BreadcrumbList\",\"@id\":\"https:\\\/\\\/www.hoteluniverso.com\\\/en\\\/services\\\/my-wo\\\/#breadcrumb\",\"itemListElement\":[{\"@type\":\"ListItem\",\"position\":1,\"name\":\"Home\",\"item\":\"https:\\\/\\\/www.hoteluniverso.com\\\/en\\\/homepage\\\/\"},{\"@type\":\"ListItem\",\"position\":2,\"name\":\"Services\",\"item\":\"https:\\\/\\\/www.hoteluniverso.com\\\/en\\\/services\\\/\"},{\"@type\":\"ListItem\",\"position\":3,\"name\":\"myWO\"}]},{\"@type\":\"WebSite\",\"@id\":\"https:\\\/\\\/www.hoteluniverso.com\\\/en\\\/#website\",\"url\":\"https:\\\/\\\/www.hoteluniverso.com\\\/en\\\/\",\"name\":\"98024 Universo\",\"description\":\"\",\"publisher\":{\"@id\":\"https:\\\/\\\/www.hoteluniverso.com\\\/en\\\/#organization\"},\"potentialAction\":[{\"@type\":\"SearchAction\",\"target\":{\"@type\":\"EntryPoint\",\"urlTemplate\":\"https:\\\/\\\/www.hoteluniverso.com\\\/en\\\/?s={search_term_string}\"},\"query-input\":{\"@type\":\"PropertyValueSpecification\",\"valueRequired\":true,\"valueName\":\"search_term_string\"}}],\"inLanguage\":\"en-US\"},{\"@type\":\"Organization\",\"@id\":\"https:\\\/\\\/www.hoteluniverso.com\\\/en\\\/#organization\",\"name\":\"98024 Universo\",\"url\":\"https:\\\/\\\/www.hoteluniverso.com\\\/en\\\/\",\"logo\":{\"@type\":\"ImageObject\",\"inLanguage\":\"en-US\",\"@id\":\"https:\\\/\\\/www.hoteluniverso.com\\\/en\\\/#\\\/schema\\\/logo\\\/image\\\/\",\"url\":\"https:\\\/\\\/www.hoteluniverso.com\\\/wp-content\\\/uploads\\\/sites\\\/60\\\/2024\\\/07\\\/BWPlus.png\",\"contentUrl\":\"https:\\\/\\\/www.hoteluniverso.com\\\/wp-content\\\/uploads\\\/sites\\\/60\\\/2024\\\/07\\\/BWPlus.png\",\"width\":420,\"height\":191,\"caption\":\"98024 Universo\"},\"image\":{\"@id\":\"https:\\\/\\\/www.hoteluniverso.com\\\/en\\\/#\\\/schema\\\/logo\\\/image\\\/\"}}]}<\/script>\n<!-- \/ Yoast SEO plugin. -->","yoast_head_json":{"title":"MyWO coworking space in Rome - 4-star Hotel Universo","description":"The Best Western Plus Hotel Universo opens its doors to smart workers and professionals with myWO. Discover all the details!","robots":{"index":"index","follow":"follow","max-snippet":"max-snippet:-1","max-image-preview":"max-image-preview:large","max-video-preview":"max-video-preview:-1"},"canonical":"https:\/\/www.hoteluniverso.com\/en\/services\/my-wo\/","og_locale":"en_US","og_type":"article","og_title":"MyWO coworking space in Rome - 4-star Hotel Universo","og_description":"The Best Western Plus Hotel Universo opens its doors to smart workers and professionals with myWO. Discover all the details!","og_url":"https:\/\/www.hoteluniverso.com\/en\/services\/my-wo\/","og_site_name":"98024 Universo","article_modified_time":"2026-03-09T09:36:05+00:00","og_image":[{"width":2560,"height":1981,"url":"https:\/\/www.hoteluniverso.com\/wp-content\/uploads\/sites\/60\/2025\/04\/mywo-scaled.webp","type":"image\/webp"}],"twitter_card":"summary_large_image","twitter_misc":{"Est. reading time":"1 minute"},"schema":{"@context":"https:\/\/schema.org","@graph":[{"@type":"WebPage","@id":"https:\/\/www.hoteluniverso.com\/en\/services\/my-wo\/","url":"https:\/\/www.hoteluniverso.com\/en\/services\/my-wo\/","name":"MyWO coworking space in Rome - 4-star Hotel Universo","isPartOf":{"@id":"https:\/\/www.hoteluniverso.com\/en\/#website"},"primaryImageOfPage":{"@id":"https:\/\/www.hoteluniverso.com\/en\/services\/my-wo\/#primaryimage"},"image":{"@id":"https:\/\/www.hoteluniverso.com\/en\/services\/my-wo\/#primaryimage"},"thumbnailUrl":"https:\/\/www.hoteluniverso.com\/wp-content\/uploads\/sites\/60\/2025\/04\/mywo-scaled.webp","datePublished":"2025-04-10T12:02:25+00:00","dateModified":"2026-03-09T09:36:05+00:00","description":"The Best Western Plus Hotel Universo opens its doors to smart workers and professionals with myWO. Discover all the details!","breadcrumb":{"@id":"https:\/\/www.hoteluniverso.com\/en\/services\/my-wo\/#breadcrumb"},"inLanguage":"en-US","potentialAction":[{"@type":"ReadAction","target":["https:\/\/www.hoteluniverso.com\/en\/services\/my-wo\/"]}]},{"@type":"ImageObject","inLanguage":"en-US","@id":"https:\/\/www.hoteluniverso.com\/en\/services\/my-wo\/#primaryimage","url":"https:\/\/www.hoteluniverso.com\/wp-content\/uploads\/sites\/60\/2025\/04\/mywo-scaled.webp","contentUrl":"https:\/\/www.hoteluniverso.com\/wp-content\/uploads\/sites\/60\/2025\/04\/mywo-scaled.webp","width":2560,"height":1981},{"@type":"BreadcrumbList","@id":"https:\/\/www.hoteluniverso.com\/en\/services\/my-wo\/#breadcrumb","itemListElement":[{"@type":"ListItem","position":1,"name":"Home","item":"https:\/\/www.hoteluniverso.com\/en\/homepage\/"},{"@type":"ListItem","position":2,"name":"Services","item":"https:\/\/www.hoteluniverso.com\/en\/services\/"},{"@type":"ListItem","position":3,"name":"myWO"}]},{"@type":"WebSite","@id":"https:\/\/www.hoteluniverso.com\/en\/#website","url":"https:\/\/www.hoteluniverso.com\/en\/","name":"98024 Universo","description":"","publisher":{"@id":"https:\/\/www.hoteluniverso.com\/en\/#organization"},"potentialAction":[{"@type":"SearchAction","target":{"@type":"EntryPoint","urlTemplate":"https:\/\/www.hoteluniverso.com\/en\/?s={search_term_string}"},"query-input":{"@type":"PropertyValueSpecification","valueRequired":true,"valueName":"search_term_string"}}],"inLanguage":"en-US"},{"@type":"Organization","@id":"https:\/\/www.hoteluniverso.com\/en\/#organization","name":"98024 Universo","url":"https:\/\/www.hoteluniverso.com\/en\/","logo":{"@type":"ImageObject","inLanguage":"en-US","@id":"https:\/\/www.hoteluniverso.com\/en\/#\/schema\/logo\/image\/","url":"https:\/\/www.hoteluniverso.com\/wp-content\/uploads\/sites\/60\/2024\/07\/BWPlus.png","contentUrl":"https:\/\/www.hoteluniverso.com\/wp-content\/uploads\/sites\/60\/2024\/07\/BWPlus.png","width":420,"height":191,"caption":"98024 Universo"},"image":{"@id":"https:\/\/www.hoteluniverso.com\/en\/#\/schema\/logo\/image\/"}}]}},"_links":{"self":[{"href":"https:\/\/www.hoteluniverso.com\/en\/wp-json\/wp\/v2\/pages\/5126","targetHints":{"allow":["GET"]}}],"collection":[{"href":"https:\/\/www.hoteluniverso.com\/en\/wp-json\/wp\/v2\/pages"}],"about":[{"href":"https:\/\/www.hoteluniverso.com\/en\/wp-json\/wp\/v2\/types\/page"}],"author":[{"embeddable":true,"href":"https:\/\/www.hoteluniverso.com\/en\/wp-json\/wp\/v2\/users\/4"}],"replies":[{"embeddable":true,"href":"https:\/\/www.hoteluniverso.com\/en\/wp-json\/wp\/v2\/comments?post=5126"}],"version-history":[{"count":3,"href":"https:\/\/www.hoteluniverso.com\/en\/wp-json\/wp\/v2\/pages\/5126\/revisions"}],"predecessor-version":[{"id":6201,"href":"https:\/\/www.hoteluniverso.com\/en\/wp-json\/wp\/v2\/pages\/5126\/revisions\/6201"}],"up":[{"embeddable":true,"href":"https:\/\/www.hoteluniverso.com\/en\/wp-json\/wp\/v2\/pages\/4368"}],"wp:featuredmedia":[{"embeddable":true,"href":"https:\/\/www.hoteluniverso.com\/en\/wp-json\/wp\/v2\/media\/5145"}],"wp:attachment":[{"href":"https:\/\/www.hoteluniverso.com\/en\/wp-json\/wp\/v2\/media?parent=5126"}],"curies":[{"name":"wp","href":"https:\/\/api.w.org\/{rel}","templated":true}]}}